{"id":1646,"date":"2022-08-05T15:37:24","date_gmt":"2022-08-05T12:37:24","guid":{"rendered":"https:\/\/apkurekredita.lv\/?post_type=product&#038;p=1646"},"modified":"2025-06-02T18:38:25","modified_gmt":"2025-06-02T15:38:25","slug":"siltumsuknis-omnia-hi3-04e-monophase","status":"publish","type":"product","link":"https:\/\/apkurekredita.lv\/en\/siltumsukni\/gaiss-udens\/siltumsuknis-omnia-hi3-04e-monophase\/","title":{"rendered":"Siltums\u016bknis 4,1kW, M\u0101jai l\u012bdz 65kv\/m, OMNIA HI3 04E Apkure\/Karstais \u016adens\/Kondicion\u0113\u0161ana (vienf\u0101zes)"},"content":{"rendered":"<p><span lang=\"lv-LV\">OMNIA &#8211; siltums\u016bk\u0146u s\u0113rija, kura atbilst apkures, dzes\u0113\u0161anas un karst\u0101 \u016bdens ra\u017eo\u0161anas pras\u012bb\u0101m, paredz\u0113ta maziem un vid\u0113jiem dz\u012bvojamo un komerci\u0101lo \u0113ku tipiem.<\/span><span lang=\"lv-LV\">Ier\u012bce ir ar da\u017e\u0101du jaudu \u0101r\u0113jo invertora bloku un iek\u0161\u0113jo hidraulisko bloku, kas sast\u0101v no div\u0101m versij\u0101m \u2013 divf\u0101\u017eu un tr\u012bsf\u0101\u017eu savienojumu. Abi ir apr\u012bkoti ar tr\u012bsce\u013cu v\u0101rstu karst\u0101 \u016bdens ra\u017eo\u0161anai caur \u0101r\u0113jo bloku. <\/span><span lang=\"lv-LV\">Sist\u0113ma ir univers\u0101la, kura var darboties pie \u0101r\u0113jas temperat\u016bas l\u012bdz -20 \u00b0 C un ra\u017eot karsto \u016bdeni l\u012bdz 60 \u00b0 C, izmantojot papildus elektrisko piesl\u0113gumu. <\/span><span lang=\"lv-LV\">\u012apa\u0161i piem\u0113rots lieto\u0161anai ar fankoiliem, radiatoriem, karst\u0101 \u016bdens netie\u0161ai ra\u017eo\u0161anai caur \u0101r\u0113jo bloku. <\/span><span lang=\"lv-LV\">Sadal\u012bta siltumnes\u0113ja kont\u016bra, lai izvair\u012btos no sasal\u0161anas riska, \u012bpa\u0161i aukstos laikapst\u0101k\u013cos. <\/span><span lang=\"lv-LV\">Lietot\u0101ja interfeis sast\u0101v no digit\u0101l\u0101s t\u0101lvad\u012bbas pults, (ne vair\u0101k k\u0101 50 m no iek\u0161telpu bloka), kas apr\u012bkota ar lielu displeju un ir vienk\u0101r\u0161i konfigur\u0113jama.<\/span><\/p>\n<p><a href=\"https:\/\/apkurekredita.lv\/wp-content\/uploads\/2022\/08\/\u0421\u043d\u0438\u043c\u043e\u043a-\u044d\u043a\u0440\u0430\u043d\u0430-2022-08-08-\u0432-16.53.09.png\"><img decoding=\"async\" class=\"alignnone size-medium wp-image-1659\" src=\"https:\/\/apkurekredita.lv\/wp-content\/uploads\/2022\/08\/\u0421\u043d\u0438\u043c\u043e\u043a-\u044d\u043a\u0440\u0430\u043d\u0430-2022-08-08-\u0432-16.53.09-300x138.png\" alt=\"\" width=\"300\" height=\"138\" srcset=\"https:\/\/apkurekredita.lv\/wp-content\/uploads\/2022\/08\/\u0421\u043d\u0438\u043c\u043e\u043a-\u044d\u043a\u0440\u0430\u043d\u0430-2022-08-08-\u0432-16.53.09-300x138.png 300w, https:\/\/apkurekredita.lv\/wp-content\/uploads\/2022\/08\/\u0421\u043d\u0438\u043c\u043e\u043a-\u044d\u043a\u0440\u0430\u043d\u0430-2022-08-08-\u0432-16.53.09-600x276.png 600w, https:\/\/apkurekredita.lv\/wp-content\/uploads\/2022\/08\/\u0421\u043d\u0438\u043c\u043e\u043a-\u044d\u043a\u0440\u0430\u043d\u0430-2022-08-08-\u0432-16.53.09-1024x471.png 1024w, https:\/\/apkurekredita.lv\/wp-content\/uploads\/2022\/08\/\u0421\u043d\u0438\u043c\u043e\u043a-\u044d\u043a\u0440\u0430\u043d\u0430-2022-08-08-\u0432-16.53.09-768x353.png 768w, https:\/\/apkurekredita.lv\/wp-content\/uploads\/2022\/08\/\u0421\u043d\u0438\u043c\u043e\u043a-\u044d\u043a\u0440\u0430\u043d\u0430-2022-08-08-\u0432-16.53.09-18x8.png 18w, https:\/\/apkurekredita.lv\/wp-content\/uploads\/2022\/08\/\u0421\u043d\u0438\u043c\u043e\u043a-\u044d\u043a\u0440\u0430\u043d\u0430-2022-08-08-\u0432-16.53.09-640x294.png 640w, https:\/\/apkurekredita.lv\/wp-content\/uploads\/2022\/08\/\u0421\u043d\u0438\u043c\u043e\u043a-\u044d\u043a\u0440\u0430\u043d\u0430-2022-08-08-\u0432-16.53.09-400x184.png 400w, https:\/\/apkurekredita.lv\/wp-content\/uploads\/2022\/08\/\u0421\u043d\u0438\u043c\u043e\u043a-\u044d\u043a\u0440\u0430\u043d\u0430-2022-08-08-\u0432-16.53.09-367x169.png 367w, https:\/\/apkurekredita.lv\/wp-content\/uploads\/2022\/08\/\u0421\u043d\u0438\u043c\u043e\u043a-\u044d\u043a\u0440\u0430\u043d\u0430-2022-08-08-\u0432-16.53.09.png 1212w\" sizes=\"(max-width: 300px) 100vw, 300px\" \/><\/a><\/p>\n<p>Inform\u0101cija &#8211;\u00a0<a href=\"https:\/\/apkurekredita.lv\/wp-content\/uploads\/2022\/08\/Omnia-H.pdf\" target=\"_blank\" rel=\"noopener\">[Apskat\u012bt]<\/a><\/p>","protected":false},"excerpt":{"rendered":"<p>OMNIA &#8211; siltums\u016bk\u0146u s\u0113rija, kura atbilst apkures, dzes\u0113\u0161anas un karst\u0101 \u016bdens ra\u017eo\u0161anas pras\u012bb\u0101m, paredz\u0113ta maziem un vid\u0113jiem dz\u012bvojamo un komerci\u0101lo [&hellip;]<\/p>","protected":false},"featured_media":2775,"comment_status":"open","ping_status":"closed","template":"","meta":{"_acf_changed":false,"inline_featured_image":false,"site-sidebar-layout":"default","site-content-layout":"","ast-site-content-layout":"default","site-content-style":"default","site-sidebar-style":"default","ast-global-header-display":"","ast-banner-title-visibility":"","ast-main-header-display":"","ast-hfb-above-header-display":"","ast-hfb-below-header-display":"","ast-hfb-mobile-header-display":"","site-post-title":"","ast-breadcrumbs-content":"","ast-featured-img":"","footer-sml-layout":"","theme-transparent-header-meta":"","adv-header-id-meta":"","stick-header-meta":"","header-above-stick-meta":"","header-main-stick-meta":"","header-below-stick-meta":"","astra-migrate-meta-layouts":"default","ast-page-background-enabled":"default","ast-page-background-meta":{"desktop":{"background-color":"var(--ast-global-color-4)","background-image":"","background-repeat":"repeat","background-position":"center center","background-size":"auto","background-attachment":"scroll","background-type":"","background-media":"","overlay-type":"","overlay-color":"","overlay-opacity":"","overlay-gradient":""},"tablet":{"background-color":"","background-image":"","background-repeat":"repeat","background-position":"center center","background-size":"auto","background-attachment":"scroll","background-type":"","background-media":"","overlay-type":"","overlay-color":"","overlay-opacity":"","overlay-gradient":""},"mobile":{"background-color":"","background-image":"","background-repeat":"repeat","background-position":"center center","background-size":"auto","background-attachment":"scroll","background-type":"","background-media":"","overlay-type":"","overlay-color":"","overlay-opacity":"","overlay-gradient":""}},"ast-content-background-meta":{"desktop":{"background-color":"var(--ast-global-color-5)","background-image":"","background-repeat":"repeat","background-position":"center center","background-size":"auto","background-attachment":"scroll","background-type":"","background-media":"","overlay-type":"","overlay-color":"","overlay-opacity":"","overlay-gradient":""},"tablet":{"background-color":"var(--ast-global-color-5)","background-image":"","background-repeat":"repeat","background-position":"center center","background-size":"auto","background-attachment":"scroll","background-type":"","background-media":"","overlay-type":"","overlay-color":"","overlay-opacity":"","overlay-gradient":""},"mobile":{"background-color":"var(--ast-global-color-5)","background-image":"","background-repeat":"repeat","background-position":"center center","background-size":"auto","background-attachment":"scroll","background-type":"","background-media":"","overlay-type":"","overlay-color":"","overlay-opacity":"","overlay-gradient":""}},"_themeisle_gutenberg_block_has_review":false},"product_brand":[],"product_cat":[52],"product_tag":[],"class_list":{"0":"post-1646","1":"product","2":"type-product","3":"status-publish","4":"has-post-thumbnail","6":"product_cat-gaiss-udens","7":"desktop-align-left","8":"tablet-align-left","9":"mobile-align-left","10":"ast-product-gallery-layout-vertical-slider","11":"ast-product-gallery-with-no-image","12":"ast-product-tabs-layout-horizontal","14":"first","15":"instock","16":"shipping-taxable","17":"purchasable","18":"product-type-simple"},"acf":[],"aioseo_notices":[],"_links":{"self":[{"href":"https:\/\/apkurekredita.lv\/en\/wp-json\/wp\/v2\/product\/1646","targetHints":{"allow":["GET"]}}],"collection":[{"href":"https:\/\/apkurekredita.lv\/en\/wp-json\/wp\/v2\/product"}],"about":[{"href":"https:\/\/apkurekredita.lv\/en\/wp-json\/wp\/v2\/types\/product"}],"replies":[{"embeddable":true,"href":"https:\/\/apkurekredita.lv\/en\/wp-json\/wp\/v2\/comments?post=1646"}],"wp:featuredmedia":[{"embeddable":true,"href":"https:\/\/apkurekredita.lv\/en\/wp-json\/wp\/v2\/media\/2775"}],"wp:attachment":[{"href":"https:\/\/apkurekredita.lv\/en\/wp-json\/wp\/v2\/media?parent=1646"}],"wp:term":[{"taxonomy":"product_brand","embeddable":true,"href":"https:\/\/apkurekredita.lv\/en\/wp-json\/wp\/v2\/product_brand?post=1646"},{"taxonomy":"product_cat","embeddable":true,"href":"https:\/\/apkurekredita.lv\/en\/wp-json\/wp\/v2\/product_cat?post=1646"},{"taxonomy":"product_tag","embeddable":true,"href":"https:\/\/apkurekredita.lv\/en\/wp-json\/wp\/v2\/product_tag?post=1646"}],"curies":[{"name":"wp","href":"https:\/\/api.w.org\/{rel}","templated":true}]}}